{"id":30,"date":"2020-11-03T12:35:35","date_gmt":"2020-11-03T18:35:35","guid":{"rendered":"http:\/\/www.cmicslp.org.mx\/sitio\/?post_type=product&#038;p=30"},"modified":"2020-11-18T01:40:14","modified_gmt":"2020-11-18T07:40:14","slug":"curso-opus-20-para-la-construccion","status":"publish","type":"product","link":"https:\/\/cmicslp.org.mx\/sitio\/cursos\/curso-opus-20-para-la-construccion\/","title":{"rendered":"CURSO OPUS 20 PARA LA CONSTRUCCI\u00d3N"},"content":{"rendered":"\t\t<div data-elementor-type=\"product-post\" data-elementor-id=\"30\" class=\"elementor elementor-30\" data-elementor-settings=\"[]\">\n\t\t\t\t\t\t<div class=\"elementor-inner\">\n\t\t\t\t\t\t\t<div class=\"elementor-section-wrap\">\n\t\t\t\t\t\t\t<section class=\"elementor-section elementor-top-section elementor-element elementor-element-502becf6 elementor-section-boxed elementor-section-height-default elementor-section-height-default\" data-id=\"502becf6\" data-element_type=\"section\">\n\t\t\t\t\t\t<div class=\"elementor-container elementor-column-gap-default\">\n\t\t\t\t\t\t\t<div class=\"elementor-row\">\n\t\t\t\t\t<div class=\"elementor-column elementor-col-100 elementor-top-column elementor-element elementor-element-3a5c9932\" data-id=\"3a5c9932\" data-element_type=\"column\">\n\t\t\t<div class=\"elementor-column-wrap elementor-element-populated\">\n\t\t\t\t\t\t\t<div class=\"elementor-widget-wrap\">\n\t\t\t\t\t\t<div class=\"elementor-element elementor-element-1801b94 elementor-widget elementor-widget-heading\" data-id=\"1801b94\" data-element_type=\"widget\" data-widget_type=\"heading.default\">\n\t\t\t\t<div class=\"elementor-widget-container\">\n\t\t\t<h2 class=\"elementor-heading-title elementor-size-default\">Cierre de inscripciones:<\/h2>\t\t<\/div>\n\t\t\t\t<\/div>\n\t\t\t\t<div class=\"elementor-element elementor-element-10c6f98 elementor-widget-divider--view-line elementor-widget elementor-widget-divider\" data-id=\"10c6f98\" data-element_type=\"widget\" data-widget_type=\"divider.default\">\n\t\t\t\t<div class=\"elementor-widget-container\">\n\t\t\t\t\t<div class=\"elementor-divider\">\n\t\t\t<span class=\"elementor-divider-separator\">\n\t\t\t\t\t\t<\/span>\n\t\t<\/div>\n\t\t\t\t<\/div>\n\t\t\t\t<\/div>\n\t\t\t\t<div class=\"elementor-element elementor-element-6e50fdf elementor-countdown--label-block elementor-widget elementor-widget-countdown\" data-id=\"6e50fdf\" data-element_type=\"widget\" data-widget_type=\"countdown.default\">\n\t\t\t\t<div class=\"elementor-widget-container\">\n\t\t\t\t\t<div data-expire-actions=\"[{&quot;type&quot;:&quot;hide&quot;}]\" class=\"elementor-countdown-wrapper\" data-date=\"1605247200\">\n\t\t\t<div class=\"elementor-countdown-item\"><span class=\"elementor-countdown-digits elementor-countdown-days\"><\/span> <span class=\"elementor-countdown-label\">D\u00edas<\/span><\/div><div class=\"elementor-countdown-item\"><span class=\"elementor-countdown-digits elementor-countdown-hours\"><\/span> <span class=\"elementor-countdown-label\">Horas<\/span><\/div><div class=\"elementor-countdown-item\"><span class=\"elementor-countdown-digits elementor-countdown-minutes\"><\/span> <span class=\"elementor-countdown-label\">Minutos<\/span><\/div><div class=\"elementor-countdown-item\"><span class=\"elementor-countdown-digits elementor-countdown-seconds\"><\/span> <span class=\"elementor-countdown-label\">Segundos<\/span><\/div>\t\t<\/div>\n\t\t\t\t<\/div>\n\t\t\t\t<\/div>\n\t\t\t\t<div class=\"elementor-element elementor-element-9263159 elementor-widget elementor-widget-heading\" data-id=\"9263159\" data-element_type=\"widget\" data-widget_type=\"heading.default\">\n\t\t\t\t<div class=\"elementor-widget-container\">\n\t\t\t<h2 class=\"elementor-heading-title elementor-size-default\">Fechas:<\/h2>\t\t<\/div>\n\t\t\t\t<\/div>\n\t\t\t\t<div class=\"elementor-element elementor-element-ce0e4df elementor-widget-divider--view-line elementor-widget elementor-widget-divider\" data-id=\"ce0e4df\" data-element_type=\"widget\" data-widget_type=\"divider.default\">\n\t\t\t\t<div class=\"elementor-widget-container\">\n\t\t\t\t\t<div class=\"elementor-divider\">\n\t\t\t<span class=\"elementor-divider-separator\">\n\t\t\t\t\t\t<\/span>\n\t\t<\/div>\n\t\t\t\t<\/div>\n\t\t\t\t<\/div>\n\t\t\t\t<div class=\"elementor-element elementor-element-48d5f2d3 elementor-widget elementor-widget-text-editor\" data-id=\"48d5f2d3\" data-element_type=\"widget\" data-widget_type=\"text-editor.default\">\n\t\t\t\t<div class=\"elementor-widget-container\">\n\t\t\t\t\t<div class=\"elementor-text-editor elementor-clearfix\"><h3>Del 17 Al 23 de noviembre<\/h3><\/div>\n\t\t\t\t<\/div>\n\t\t\t\t<\/div>\n\t\t\t\t<div class=\"elementor-element elementor-element-1264f9a elementor-widget elementor-widget-heading\" data-id=\"1264f9a\" data-element_type=\"widget\" data-widget_type=\"heading.default\">\n\t\t\t\t<div class=\"elementor-widget-container\">\n\t\t\t<h2 class=\"elementor-heading-title elementor-size-default\">Objetivo:<\/h2>\t\t<\/div>\n\t\t\t\t<\/div>\n\t\t\t\t<div class=\"elementor-element elementor-element-f68ca29 elementor-widget-divider--view-line elementor-widget elementor-widget-divider\" data-id=\"f68ca29\" data-element_type=\"widget\" data-widget_type=\"divider.default\">\n\t\t\t\t<div class=\"elementor-widget-container\">\n\t\t\t\t\t<div class=\"elementor-divider\">\n\t\t\t<span class=\"elementor-divider-separator\">\n\t\t\t\t\t\t<\/span>\n\t\t<\/div>\n\t\t\t\t<\/div>\n\t\t\t\t<\/div>\n\t\t\t\t<div class=\"elementor-element elementor-element-8a24efd elementor-widget elementor-widget-text-editor\" data-id=\"8a24efd\" data-element_type=\"widget\" data-widget_type=\"text-editor.default\">\n\t\t\t\t<div class=\"elementor-widget-container\">\n\t\t\t\t\t<div class=\"elementor-text-editor elementor-clearfix\"><p>Aprende a utilizar el software m\u00e1s popular para planificar correctamente y llevar el control de los recursos y contratistas que participan en la ejecuci\u00f3n de la obra.<\/p><p>Brinda valor diferenciador para puestos medios y directivos de las empresas constructoras, as\u00ed como conocimiento b\u00e1sico de planeci\u00f3n de obra para operativos.<\/p><\/div>\n\t\t\t\t<\/div>\n\t\t\t\t<\/div>\n\t\t\t\t<div class=\"elementor-element elementor-element-c3887d5 elementor-widget elementor-widget-heading\" data-id=\"c3887d5\" data-element_type=\"widget\" data-widget_type=\"heading.default\">\n\t\t\t\t<div class=\"elementor-widget-container\">\n\t\t\t<h2 class=\"elementor-heading-title elementor-size-default\">Beneficios:<\/h2>\t\t<\/div>\n\t\t\t\t<\/div>\n\t\t\t\t<div class=\"elementor-element elementor-element-3ab670a elementor-widget-divider--view-line elementor-widget elementor-widget-divider\" data-id=\"3ab670a\" data-element_type=\"widget\" data-widget_type=\"divider.default\">\n\t\t\t\t<div class=\"elementor-widget-container\">\n\t\t\t\t\t<div class=\"elementor-divider\">\n\t\t\t<span class=\"elementor-divider-separator\">\n\t\t\t\t\t\t<\/span>\n\t\t<\/div>\n\t\t\t\t<\/div>\n\t\t\t\t<\/div>\n\t\t\t\t<div class=\"elementor-element elementor-element-4a68b4c elementor-widget elementor-widget-text-editor\" data-id=\"4a68b4c\" data-element_type=\"widget\" data-widget_type=\"text-editor.default\">\n\t\t\t\t<div class=\"elementor-widget-container\">\n\t\t\t\t\t<div class=\"elementor-text-editor elementor-clearfix\"><p>Mayor control. Mejores presupuestos. Disminuci\u00f3n de mermas. Aumenta la rentabilidad de tu obra.<\/p><\/div>\n\t\t\t\t<\/div>\n\t\t\t\t<\/div>\n\t\t\t\t<div class=\"elementor-element elementor-element-4a52787 elementor-headline--style-highlight elementor-widget elementor-widget-animated-headline\" data-id=\"4a52787\" data-element_type=\"widget\" data-settings=\"{&quot;highlighted_text&quot;:&quot;valid\\u00e9z oficial.\\u00a0&quot;,&quot;headline_style&quot;:&quot;highlight&quot;,&quot;marker&quot;:&quot;circle&quot;}\" data-widget_type=\"animated-headline.default\">\n\t\t\t\t<div class=\"elementor-widget-container\">\n\t\t\t\t\t<h2 class=\"elementor-headline\">\n\t\t\t\t\t\t\t<span class=\"elementor-headline-plain-text elementor-headline-text-wrapper\">Se imparte constancia con<\/span>\n\t\t\t\t\t\t<span class=\"elementor-headline-dynamic-wrapper elementor-headline-text-wrapper\"><\/span>\n\t\t\t\t\t<\/h2>\n\t\t\t\t<\/div>\n\t\t\t\t<\/div>\n\t\t\t\t<div class=\"elementor-element elementor-element-6efba91 elementor-widget-divider--view-line elementor-widget elementor-widget-divider\" data-id=\"6efba91\" data-element_type=\"widget\" data-widget_type=\"divider.default\">\n\t\t\t\t<div class=\"elementor-widget-container\">\n\t\t\t\t\t<div class=\"elementor-divider\">\n\t\t\t<span class=\"elementor-divider-separator\">\n\t\t\t\t\t\t<\/span>\n\t\t<\/div>\n\t\t\t\t<\/div>\n\t\t\t\t<\/div>\n\t\t\t\t\t\t<\/div>\n\t\t\t\t\t<\/div>\n\t\t<\/div>\n\t\t\t\t\t\t\t\t<\/div>\n\t\t\t\t\t<\/div>\n\t\t<\/section>\n\t\t\t\t\t\t<\/div>\n\t\t\t\t\t\t<\/div>\n\t\t\t\t\t<\/div>\n\t\t","protected":false},"excerpt":{"rendered":"<p><b>Beneficios: <\/b>Mayor control. Mejores presupuestos. Disminuci\u00f3n de mermas. Aumenta la rentabilidad de tu obra.<\/p>\n","protected":false},"featured_media":129,"comment_status":"closed","ping_status":"closed","template":"","meta":{"spay_email":""},"yoast_head":"<!-- This site is optimized with the Yoast SEO plugin v15.3 - https:\/\/yoast.com\/wordpress\/plugins\/seo\/ -->\n<title>CURSO OPUS 20 PARA LA CONSTRUCCI\u00d3N - CMIC SLP<\/title>\n<meta name=\"description\" content=\"Aprende a utilizar el software m\u00e1s popular para planificar y llevar el control de los recursos y contratistas de tu obra.\" \/>\n<meta name=\"robots\" content=\"index, follow, max-snippet:-1, max-image-preview:large, max-video-preview:-1\" \/>\n<link rel=\"canonical\" href=\"https:\/\/cmicslp.org.mx\/sitio\/cursos\/curso-opus-20-para-la-construccion\/\" \/>\n<meta property=\"og:locale\" content=\"es_ES\" \/>\n<meta property=\"og:type\" content=\"article\" \/>\n<meta property=\"og:title\" content=\"CURSO OPUS 20 PARA LA CONSTRUCCI\u00d3N - CMIC SLP\" \/>\n<meta property=\"og:description\" content=\"Aprende a utilizar el software m\u00e1s popular para planificar y llevar el control de los recursos y contratistas de tu obra.\" \/>\n<meta property=\"og:url\" content=\"https:\/\/cmicslp.org.mx\/sitio\/cursos\/curso-opus-20-para-la-construccion\/\" \/>\n<meta property=\"og:site_name\" content=\"CMIC\" \/>\n<meta property=\"article:modified_time\" content=\"2020-11-18T07:40:14+00:00\" \/>\n<meta property=\"og:image\" content=\"https:\/\/cmicslp.org.mx\/sitio\/wp-content\/uploads\/2020\/11\/OpusimagenFinal.jpeg\" \/>\n\t<meta property=\"og:image:width\" content=\"1267\" \/>\n\t<meta property=\"og:image:height\" content=\"1280\" \/>\n<meta name=\"twitter:card\" content=\"summary_large_image\" \/>\n<meta name=\"twitter:title\" content=\"CURSO OPUS 20 PARA LA CONSTRUCCI\u00d3N - CMIC SLP\" \/>\n<meta name=\"twitter:description\" content=\"Aprende a utilizar el software m\u00e1s popular para planificar y llevar el control de los recursos y contratistas de tu obra.\" \/>\n<meta name=\"twitter:label1\" content=\"Escrito por\">\n\t<meta name=\"twitter:data1\" content=\"admin\">\n\t<meta name=\"twitter:label2\" content=\"Tiempo de lectura\">\n\t<meta name=\"twitter:data2\" content=\"0 minutos\">\n<script type=\"application\/ld+json\" class=\"yoast-schema-graph\">{\"@context\":\"https:\/\/schema.org\",\"@graph\":[{\"@type\":\"WebSite\",\"@id\":\"https:\/\/cmicslp.org.mx\/sitio\/#website\",\"url\":\"https:\/\/cmicslp.org.mx\/sitio\/\",\"name\":\"CMIC\",\"description\":\"Delegaci\\u00f3n San Luis Potos\\u00ed\",\"potentialAction\":[{\"@type\":\"SearchAction\",\"target\":\"https:\/\/cmicslp.org.mx\/sitio\/?s={search_term_string}\",\"query-input\":\"required name=search_term_string\"}],\"inLanguage\":\"es\"},{\"@type\":\"ImageObject\",\"@id\":\"https:\/\/cmicslp.org.mx\/sitio\/cursos\/curso-opus-20-para-la-construccion\/#primaryimage\",\"inLanguage\":\"es\",\"url\":\"https:\/\/cmicslp.org.mx\/sitio\/wp-content\/uploads\/2020\/11\/OpusimagenFinal.jpeg\",\"width\":1267,\"height\":1280},{\"@type\":\"WebPage\",\"@id\":\"https:\/\/cmicslp.org.mx\/sitio\/cursos\/curso-opus-20-para-la-construccion\/#webpage\",\"url\":\"https:\/\/cmicslp.org.mx\/sitio\/cursos\/curso-opus-20-para-la-construccion\/\",\"name\":\"CURSO OPUS 20 PARA LA CONSTRUCCI\\u00d3N - CMIC SLP\",\"isPartOf\":{\"@id\":\"https:\/\/cmicslp.org.mx\/sitio\/#website\"},\"primaryImageOfPage\":{\"@id\":\"https:\/\/cmicslp.org.mx\/sitio\/cursos\/curso-opus-20-para-la-construccion\/#primaryimage\"},\"datePublished\":\"2020-11-03T18:35:35+00:00\",\"dateModified\":\"2020-11-18T07:40:14+00:00\",\"description\":\"Aprende a utilizar el software m\\u00e1s popular para planificar y llevar el control de los recursos y contratistas de tu obra.\",\"inLanguage\":\"es\",\"potentialAction\":[{\"@type\":\"ReadAction\",\"target\":[\"https:\/\/cmicslp.org.mx\/sitio\/cursos\/curso-opus-20-para-la-construccion\/\"]}]}]}<\/script>\n<!-- \/ Yoast SEO plugin. -->","_links":{"self":[{"href":"https:\/\/cmicslp.org.mx\/sitio\/wp-json\/wp\/v2\/product\/30"}],"collection":[{"href":"https:\/\/cmicslp.org.mx\/sitio\/wp-json\/wp\/v2\/product"}],"about":[{"href":"https:\/\/cmicslp.org.mx\/sitio\/wp-json\/wp\/v2\/types\/product"}],"replies":[{"embeddable":true,"href":"https:\/\/cmicslp.org.mx\/sitio\/wp-json\/wp\/v2\/comments?post=30"}],"version-history":[{"count":22,"href":"https:\/\/cmicslp.org.mx\/sitio\/wp-json\/wp\/v2\/product\/30\/revisions"}],"predecessor-version":[{"id":280,"href":"https:\/\/cmicslp.org.mx\/sitio\/wp-json\/wp\/v2\/product\/30\/revisions\/280"}],"wp:featuredmedia":[{"embeddable":true,"href":"https:\/\/cmicslp.org.mx\/sitio\/wp-json\/wp\/v2\/media\/129"}],"wp:attachment":[{"href":"https:\/\/cmicslp.org.mx\/sitio\/wp-json\/wp\/v2\/media?parent=30"}],"curies":[{"name":"wp","href":"https:\/\/api.w.org\/{rel}","templated":true}]}}