{"id":163,"date":"2020-11-09T22:18:13","date_gmt":"2020-11-10T04:18:13","guid":{"rendered":"https:\/\/cmicslp.org.mx\/sitio\/?post_type=product&#038;p=163"},"modified":"2020-11-12T13:31:31","modified_gmt":"2020-11-12T19:31:31","slug":"diplomado-supervision-de-obra","status":"publish","type":"product","link":"https:\/\/cmicslp.org.mx\/sitio\/cursos\/diplomado-supervision-de-obra\/","title":{"rendered":"DIPLOMADO SUPERVISI\u00d3N DE OBRA"},"content":{"rendered":"\t\t<div data-elementor-type=\"product-post\" data-elementor-id=\"163\" class=\"elementor elementor-163\" data-elementor-settings=\"[]\">\n\t\t\t\t\t\t<div class=\"elementor-inner\">\n\t\t\t\t\t\t\t<div class=\"elementor-section-wrap\">\n\t\t\t\t\t\t\t<section class=\"elementor-section elementor-top-section elementor-element elementor-element-502becf6 elementor-section-boxed elementor-section-height-default elementor-section-height-default\" data-id=\"502becf6\" data-element_type=\"section\">\n\t\t\t\t\t\t<div class=\"elementor-container elementor-column-gap-default\">\n\t\t\t\t\t\t\t<div class=\"elementor-row\">\n\t\t\t\t\t<div class=\"elementor-column elementor-col-100 elementor-top-column elementor-element elementor-element-3a5c9932\" data-id=\"3a5c9932\" data-element_type=\"column\">\n\t\t\t<div class=\"elementor-column-wrap elementor-element-populated\">\n\t\t\t\t\t\t\t<div class=\"elementor-widget-wrap\">\n\t\t\t\t\t\t<div class=\"elementor-element elementor-element-9263159 elementor-widget elementor-widget-heading\" data-id=\"9263159\" data-element_type=\"widget\" data-widget_type=\"heading.default\">\n\t\t\t\t<div class=\"elementor-widget-container\">\n\t\t\t<h2 class=\"elementor-heading-title elementor-size-default\">Promoci\u00f3n:<\/h2>\t\t<\/div>\n\t\t\t\t<\/div>\n\t\t\t\t<div class=\"elementor-element elementor-element-17261aa elementor-widget-divider--view-line elementor-widget elementor-widget-divider\" data-id=\"17261aa\" data-element_type=\"widget\" data-widget_type=\"divider.default\">\n\t\t\t\t<div class=\"elementor-widget-container\">\n\t\t\t\t\t<div class=\"elementor-divider\">\n\t\t\t<span class=\"elementor-divider-separator\">\n\t\t\t\t\t\t<\/span>\n\t\t<\/div>\n\t\t\t\t<\/div>\n\t\t\t\t<\/div>\n\t\t\t\t<div class=\"elementor-element elementor-element-48d5f2d3 elementor-widget elementor-widget-text-editor\" data-id=\"48d5f2d3\" data-element_type=\"widget\" data-widget_type=\"text-editor.default\">\n\t\t\t\t<div class=\"elementor-widget-container\">\n\t\t\t\t\t<div class=\"elementor-text-editor elementor-clearfix\"><h3>30% de descuento comprando ahora<\/h3><\/div>\n\t\t\t\t<\/div>\n\t\t\t\t<\/div>\n\t\t\t\t<div class=\"elementor-element elementor-element-1264f9a elementor-widget elementor-widget-heading\" data-id=\"1264f9a\" data-element_type=\"widget\" data-widget_type=\"heading.default\">\n\t\t\t\t<div class=\"elementor-widget-container\">\n\t\t\t<h2 class=\"elementor-heading-title elementor-size-default\">Plan de estudios:<\/h2>\t\t<\/div>\n\t\t\t\t<\/div>\n\t\t\t\t<div class=\"elementor-element elementor-element-cc81fea elementor-widget-divider--view-line elementor-widget elementor-widget-divider\" data-id=\"cc81fea\" data-element_type=\"widget\" data-widget_type=\"divider.default\">\n\t\t\t\t<div class=\"elementor-widget-container\">\n\t\t\t\t\t<div class=\"elementor-divider\">\n\t\t\t<span class=\"elementor-divider-separator\">\n\t\t\t\t\t\t<\/span>\n\t\t<\/div>\n\t\t\t\t<\/div>\n\t\t\t\t<\/div>\n\t\t\t\t<div class=\"elementor-element elementor-element-9aa43a2 elementor-widget elementor-widget-text-editor\" data-id=\"9aa43a2\" data-element_type=\"widget\" data-widget_type=\"text-editor.default\">\n\t\t\t\t<div class=\"elementor-widget-container\">\n\t\t\t\t\t<div class=\"elementor-text-editor elementor-clearfix\"><p>I. Gesti\u00f3n y administraci\u00f3n. <strong>16 horas:\u00a0<\/strong>27, 28 de Noviembre; 04 y 05 Diciembre ( viernes y s\u00e1bados)<\/p><p>II. An\u00e1lisis econ\u00f3mico de proyectos.<strong> 16 horas:\u00a0<\/strong>11, 12, 18 y 19 de diciembre( viernes y s\u00e1bados)<\/p><p>III. Costos y presupuestos. <strong>16 horas:<\/strong> 08, 09, 15 y 16 de Enero 2021( viernes y s\u00e1bados)<\/p><p>IV. Supervisi\u00f3n y control de obra. <strong>20 horas: <\/strong>21, 23, 26, 28 y 30 (martes, jueves y s\u00e1bados)<\/p><p>\u00a0<\/p><h3>Horario:<\/h3><p><strong>M\u00f3dulo I y II:<\/strong> viernes de 16:30 a 20:30 hrs; s\u00e1bados de:10:00 a 14:00 hrs<\/p><p><strong>M\u00f3dulo III:<\/strong> viernes de 16:00 a 20:00 hrs; s\u00e1bados de: 10:30 a 14:30 hrs<\/p><p><strong>M\u00f3dulo IV:<\/strong> martes y jueves: 16:00 a 20:00 hrs y s\u00e1bados de 09:00 a 13:00 hrs<\/p><\/div>\n\t\t\t\t<\/div>\n\t\t\t\t<\/div>\n\t\t\t\t<div class=\"elementor-element elementor-element-68c0f43 elementor-widget elementor-widget-heading\" data-id=\"68c0f43\" data-element_type=\"widget\" data-widget_type=\"heading.default\">\n\t\t\t\t<div class=\"elementor-widget-container\">\n\t\t\t<h2 class=\"elementor-heading-title elementor-size-default\">Objetivo:<\/h2>\t\t<\/div>\n\t\t\t\t<\/div>\n\t\t\t\t<div class=\"elementor-element elementor-element-f68ca29 elementor-widget-divider--view-line elementor-widget elementor-widget-divider\" data-id=\"f68ca29\" data-element_type=\"widget\" data-widget_type=\"divider.default\">\n\t\t\t\t<div class=\"elementor-widget-container\">\n\t\t\t\t\t<div class=\"elementor-divider\">\n\t\t\t<span class=\"elementor-divider-separator\">\n\t\t\t\t\t\t<\/span>\n\t\t<\/div>\n\t\t\t\t<\/div>\n\t\t\t\t<\/div>\n\t\t\t\t<div class=\"elementor-element elementor-element-8a24efd elementor-widget elementor-widget-text-editor\" data-id=\"8a24efd\" data-element_type=\"widget\" data-widget_type=\"text-editor.default\">\n\t\t\t\t<div class=\"elementor-widget-container\">\n\t\t\t\t\t<div class=\"elementor-text-editor elementor-clearfix\"><p>Desarrollar las habilidades principales de directivos y mandos medios para ser capaces de administrar y planificar una obra publica y privada. Logra mejores procesos de planeaci\u00f3n, evaluaci\u00f3n, presupuesto y control.<span class=\"Apple-converted-space\">\u00a0<\/span><\/p><\/div>\n\t\t\t\t<\/div>\n\t\t\t\t<\/div>\n\t\t\t\t<div class=\"elementor-element elementor-element-c3887d5 elementor-widget elementor-widget-heading\" data-id=\"c3887d5\" data-element_type=\"widget\" data-widget_type=\"heading.default\">\n\t\t\t\t<div class=\"elementor-widget-container\">\n\t\t\t<h2 class=\"elementor-heading-title elementor-size-default\">Beneficios:<\/h2>\t\t<\/div>\n\t\t\t\t<\/div>\n\t\t\t\t<div class=\"elementor-element elementor-element-3ab670a elementor-widget-divider--view-line elementor-widget elementor-widget-divider\" data-id=\"3ab670a\" data-element_type=\"widget\" data-widget_type=\"divider.default\">\n\t\t\t\t<div class=\"elementor-widget-container\">\n\t\t\t\t\t<div class=\"elementor-divider\">\n\t\t\t<span class=\"elementor-divider-separator\">\n\t\t\t\t\t\t<\/span>\n\t\t<\/div>\n\t\t\t\t<\/div>\n\t\t\t\t<\/div>\n\t\t\t\t<div class=\"elementor-element elementor-element-4a68b4c elementor-widget elementor-widget-text-editor\" data-id=\"4a68b4c\" data-element_type=\"widget\" data-widget_type=\"text-editor.default\">\n\t\t\t\t<div class=\"elementor-widget-container\">\n\t\t\t\t\t<div class=\"elementor-text-editor elementor-clearfix\"><p>Desarrolla las principales competencias que te ayudar\u00e1n a delegar la planeaci\u00f3n de obra a mandos medios. Utiliza herramientas que vuelven m\u00e1s eficiente tu trabajo al momento de planificar una obra.<\/p><\/div>\n\t\t\t\t<\/div>\n\t\t\t\t<\/div>\n\t\t\t\t<div class=\"elementor-element elementor-element-4a52787 elementor-headline--style-highlight elementor-widget elementor-widget-animated-headline\" data-id=\"4a52787\" data-element_type=\"widget\" data-settings=\"{&quot;highlighted_text&quot;:&quot;valid\\u00e9z oficial.\\u00a0&quot;,&quot;headline_style&quot;:&quot;highlight&quot;,&quot;marker&quot;:&quot;circle&quot;}\" data-widget_type=\"animated-headline.default\">\n\t\t\t\t<div class=\"elementor-widget-container\">\n\t\t\t\t\t<h2 class=\"elementor-headline\">\n\t\t\t\t\t\t\t<span class=\"elementor-headline-plain-text elementor-headline-text-wrapper\">Se imparte diploma con<\/span>\n\t\t\t\t\t\t<span class=\"elementor-headline-dynamic-wrapper elementor-headline-text-wrapper\"><\/span>\n\t\t\t\t\t<\/h2>\n\t\t\t\t<\/div>\n\t\t\t\t<\/div>\n\t\t\t\t<div class=\"elementor-element elementor-element-6efba91 elementor-widget-divider--view-line elementor-widget elementor-widget-divider\" data-id=\"6efba91\" data-element_type=\"widget\" data-widget_type=\"divider.default\">\n\t\t\t\t<div class=\"elementor-widget-container\">\n\t\t\t\t\t<div class=\"elementor-divider\">\n\t\t\t<span class=\"elementor-divider-separator\">\n\t\t\t\t\t\t<\/span>\n\t\t<\/div>\n\t\t\t\t<\/div>\n\t\t\t\t<\/div>\n\t\t\t\t\t\t<\/div>\n\t\t\t\t\t<\/div>\n\t\t<\/div>\n\t\t\t\t\t\t\t\t<\/div>\n\t\t\t\t\t<\/div>\n\t\t<\/section>\n\t\t\t\t\t\t<\/div>\n\t\t\t\t\t\t<\/div>\n\t\t\t\t\t<\/div>\n\t\t","protected":false},"excerpt":{"rendered":"<p><b>Beneficios: <\/b>Mayor control. Mejores presupuestos. Disminuci\u00f3n de mermas. Aumenta la rentabilidad de tu obra.<\/p>\n","protected":false},"featured_media":165,"comment_status":"closed","ping_status":"closed","template":"","meta":{"spay_email":""},"yoast_head":"<!-- This site is optimized with the Yoast SEO plugin v15.3 - https:\/\/yoast.com\/wordpress\/plugins\/seo\/ -->\n<title>DIPLOMADO SUPERVISI\u00d3N DE OBRA - CMIC SLP<\/title>\n<meta name=\"description\" content=\"Desarrolla competencias que te ayudar\u00e1n a delegar la planeaci\u00f3n de obra. Utiliza herramientas que vuelven m\u00e1s eficiente tu trabajo.\" \/>\n<meta name=\"robots\" content=\"index, follow, max-snippet:-1, max-image-preview:large, max-video-preview:-1\" \/>\n<link rel=\"canonical\" href=\"https:\/\/cmicslp.org.mx\/sitio\/cursos\/diplomado-supervision-de-obra\/\" \/>\n<meta property=\"og:locale\" content=\"es_ES\" \/>\n<meta property=\"og:type\" content=\"article\" \/>\n<meta property=\"og:title\" content=\"DIPLOMADO SUPERVISI\u00d3N DE OBRA - CMIC SLP\" \/>\n<meta property=\"og:description\" content=\"Desarrolla competencias que te ayudar\u00e1n a delegar la planeaci\u00f3n de obra. Utiliza herramientas que vuelven m\u00e1s eficiente tu trabajo.\" \/>\n<meta property=\"og:url\" content=\"https:\/\/cmicslp.org.mx\/sitio\/cursos\/diplomado-supervision-de-obra\/\" \/>\n<meta property=\"og:site_name\" content=\"CMIC\" \/>\n<meta property=\"article:modified_time\" content=\"2020-11-12T19:31:31+00:00\" \/>\n<meta property=\"og:image\" content=\"https:\/\/cmicslp.org.mx\/sitio\/wp-content\/uploads\/2020\/11\/ImagenDiplomado.jpeg\" \/>\n\t<meta property=\"og:image:width\" content=\"1266\" \/>\n\t<meta property=\"og:image:height\" content=\"1280\" \/>\n<meta name=\"twitter:card\" content=\"summary_large_image\" \/>\n<meta name=\"twitter:title\" content=\"DIPLOMADO SUPERVISI\u00d3N DE OBRA - CMIC SLP\" \/>\n<meta name=\"twitter:description\" content=\"Desarrolla competencias que te ayudar\u00e1n a delegar la planeaci\u00f3n de obra. Utiliza herramientas que vuelven m\u00e1s eficiente tu trabajo.\" \/>\n<meta name=\"twitter:label1\" content=\"Escrito por\">\n\t<meta name=\"twitter:data1\" content=\"admin\">\n\t<meta name=\"twitter:label2\" content=\"Tiempo de lectura\">\n\t<meta name=\"twitter:data2\" content=\"1 minuto\">\n<script type=\"application\/ld+json\" class=\"yoast-schema-graph\">{\"@context\":\"https:\/\/schema.org\",\"@graph\":[{\"@type\":\"WebSite\",\"@id\":\"https:\/\/cmicslp.org.mx\/sitio\/#website\",\"url\":\"https:\/\/cmicslp.org.mx\/sitio\/\",\"name\":\"CMIC\",\"description\":\"Delegaci\\u00f3n San Luis Potos\\u00ed\",\"potentialAction\":[{\"@type\":\"SearchAction\",\"target\":\"https:\/\/cmicslp.org.mx\/sitio\/?s={search_term_string}\",\"query-input\":\"required name=search_term_string\"}],\"inLanguage\":\"es\"},{\"@type\":\"ImageObject\",\"@id\":\"https:\/\/cmicslp.org.mx\/sitio\/cursos\/diplomado-supervision-de-obra\/#primaryimage\",\"inLanguage\":\"es\",\"url\":\"https:\/\/cmicslp.org.mx\/sitio\/wp-content\/uploads\/2020\/11\/ImagenDiplomado.jpeg\",\"width\":1266,\"height\":1280},{\"@type\":\"WebPage\",\"@id\":\"https:\/\/cmicslp.org.mx\/sitio\/cursos\/diplomado-supervision-de-obra\/#webpage\",\"url\":\"https:\/\/cmicslp.org.mx\/sitio\/cursos\/diplomado-supervision-de-obra\/\",\"name\":\"DIPLOMADO SUPERVISI\\u00d3N DE OBRA - CMIC SLP\",\"isPartOf\":{\"@id\":\"https:\/\/cmicslp.org.mx\/sitio\/#website\"},\"primaryImageOfPage\":{\"@id\":\"https:\/\/cmicslp.org.mx\/sitio\/cursos\/diplomado-supervision-de-obra\/#primaryimage\"},\"datePublished\":\"2020-11-10T04:18:13+00:00\",\"dateModified\":\"2020-11-12T19:31:31+00:00\",\"description\":\"Desarrolla competencias que te ayudar\\u00e1n a delegar la planeaci\\u00f3n de obra. Utiliza herramientas que vuelven m\\u00e1s eficiente tu trabajo.\",\"inLanguage\":\"es\",\"potentialAction\":[{\"@type\":\"ReadAction\",\"target\":[\"https:\/\/cmicslp.org.mx\/sitio\/cursos\/diplomado-supervision-de-obra\/\"]}]}]}<\/script>\n<!-- \/ Yoast SEO plugin. -->","_links":{"self":[{"href":"https:\/\/cmicslp.org.mx\/sitio\/wp-json\/wp\/v2\/product\/163"}],"collection":[{"href":"https:\/\/cmicslp.org.mx\/sitio\/wp-json\/wp\/v2\/product"}],"about":[{"href":"https:\/\/cmicslp.org.mx\/sitio\/wp-json\/wp\/v2\/types\/product"}],"replies":[{"embeddable":true,"href":"https:\/\/cmicslp.org.mx\/sitio\/wp-json\/wp\/v2\/comments?post=163"}],"version-history":[{"count":12,"href":"https:\/\/cmicslp.org.mx\/sitio\/wp-json\/wp\/v2\/product\/163\/revisions"}],"predecessor-version":[{"id":299,"href":"https:\/\/cmicslp.org.mx\/sitio\/wp-json\/wp\/v2\/product\/163\/revisions\/299"}],"wp:featuredmedia":[{"embeddable":true,"href":"https:\/\/cmicslp.org.mx\/sitio\/wp-json\/wp\/v2\/media\/165"}],"wp:attachment":[{"href":"https:\/\/cmicslp.org.mx\/sitio\/wp-json\/wp\/v2\/media?parent=163"}],"curies":[{"name":"wp","href":"https:\/\/api.w.org\/{rel}","templated":true}]}}