{"id":197,"date":"2020-11-11T12:28:06","date_gmt":"2020-11-11T18:28:06","guid":{"rendered":"https:\/\/cmicslp.org.mx\/sitio\/?page_id=197"},"modified":"2020-11-11T13:34:48","modified_gmt":"2020-11-11T19:34:48","slug":"opus-leads-forma","status":"publish","type":"page","link":"https:\/\/cmicslp.org.mx\/sitio\/opus-leads-forma\/","title":{"rendered":"Opus Leads Forma"},"content":{"rendered":"\t\t<div data-elementor-type=\"wp-page\" data-elementor-id=\"197\" class=\"elementor elementor-197\" data-elementor-settings=\"[]\">\n\t\t\t\t\t\t<div class=\"elementor-inner\">\n\t\t\t\t\t\t\t<div class=\"elementor-section-wrap\">\n\t\t\t\t\t\t\t<section class=\"elementor-section elementor-top-section elementor-element elementor-element-e27567d elementor-section-full_width elementor-section-height-min-height elementor-section-height-default elementor-section-items-middle\" data-id=\"e27567d\" data-element_type=\"section\" data-settings=\"{&quot;background_background&quot;:&quot;classic&quot;}\">\n\t\t\t\t\t\t\t<div class=\"elementor-background-overlay\"><\/div>\n\t\t\t\t\t\t\t<div class=\"elementor-container elementor-column-gap-default\">\n\t\t\t\t\t\t\t<div class=\"elementor-row\">\n\t\t\t\t\t<div class=\"elementor-column elementor-col-66 elementor-top-column elementor-element elementor-element-c4e19a9\" data-id=\"c4e19a9\" data-element_type=\"column\">\n\t\t\t<div class=\"elementor-column-wrap elementor-element-populated\">\n\t\t\t\t\t\t\t<div class=\"elementor-widget-wrap\">\n\t\t\t\t\t\t<div class=\"elementor-element elementor-element-2915a6d elementor-widget elementor-widget-image\" data-id=\"2915a6d\" data-element_type=\"widget\" data-widget_type=\"image.default\">\n\t\t\t\t<div class=\"elementor-widget-container\">\n\t\t\t\t\t<div class=\"elementor-image\">\n\t\t\t\t\t\t\t\t\t\t<img width=\"300\" height=\"136\" src=\"https:\/\/cmicslp.org.mx\/sitio\/wp-content\/uploads\/2020\/11\/Logo-CMIC-300x136.png\" class=\"attachment-medium size-medium\" alt=\"\" loading=\"lazy\" srcset=\"https:\/\/cmicslp.org.mx\/sitio\/wp-content\/uploads\/2020\/11\/Logo-CMIC-300x136.png 300w, https:\/\/cmicslp.org.mx\/sitio\/wp-content\/uploads\/2020\/11\/Logo-CMIC-1024x463.png 1024w, https:\/\/cmicslp.org.mx\/sitio\/wp-content\/uploads\/2020\/11\/Logo-CMIC-768x347.png 768w, https:\/\/cmicslp.org.mx\/sitio\/wp-content\/uploads\/2020\/11\/Logo-CMIC-1536x694.png 1536w, https:\/\/cmicslp.org.mx\/sitio\/wp-content\/uploads\/2020\/11\/Logo-CMIC-2048x926.png 2048w\" sizes=\"(max-width: 300px) 100vw, 300px\" \/>\t\t\t\t\t\t\t\t\t\t\t<\/div>\n\t\t\t\t<\/div>\n\t\t\t\t<\/div>\n\t\t\t\t<div class=\"elementor-element elementor-element-3770bbb elementor-widget elementor-widget-spacer\" data-id=\"3770bbb\" data-element_type=\"widget\" data-widget_type=\"spacer.default\">\n\t\t\t\t<div class=\"elementor-widget-container\">\n\t\t\t\t\t<div class=\"elementor-spacer\">\n\t\t\t<div class=\"elementor-spacer-inner\"><\/div>\n\t\t<\/div>\n\t\t\t\t<\/div>\n\t\t\t\t<\/div>\n\t\t\t\t<div class=\"elementor-element elementor-element-44058fd elementor-widget elementor-widget-heading\" data-id=\"44058fd\" data-element_type=\"widget\" data-widget_type=\"heading.default\">\n\t\t\t\t<div class=\"elementor-widget-container\">\n\t\t\t<h1 class=\"elementor-heading-title elementor-size-default\">CURSO OPUS 20 PARA LA CONSTRUCCI\u00d3N<\/h1>\t\t<\/div>\n\t\t\t\t<\/div>\n\t\t\t\t\t\t<\/div>\n\t\t\t\t\t<\/div>\n\t\t<\/div>\n\t\t\t\t<div class=\"elementor-column elementor-col-33 elementor-top-column elementor-element elementor-element-4677767\" data-id=\"4677767\" data-element_type=\"column\" data-settings=\"{&quot;background_background&quot;:&quot;classic&quot;}\">\n\t\t\t<div class=\"elementor-column-wrap elementor-element-populated\">\n\t\t\t\t\t\t\t<div class=\"elementor-widget-wrap\">\n\t\t\t\t\t\t<div class=\"elementor-element elementor-element-52145c3 elementor-widget elementor-widget-heading\" data-id=\"52145c3\" data-element_type=\"widget\" data-widget_type=\"heading.default\">\n\t\t\t\t<div class=\"elementor-widget-container\">\n\t\t\t<h2 class=\"elementor-heading-title elementor-size-default\">Reclama tu descuento<\/h2>\t\t<\/div>\n\t\t\t\t<\/div>\n\t\t\t\t<div class=\"elementor-element elementor-element-d088ac1 elementor-widget elementor-widget-text-editor\" data-id=\"d088ac1\" data-element_type=\"widget\" data-widget_type=\"text-editor.default\">\n\t\t\t\t<div class=\"elementor-widget-container\">\n\t\t\t\t\t<div class=\"elementor-text-editor elementor-clearfix\"><p style=\"text-align: center;\">Llena el formulario abajo y obt\u00e9n acceso instant\u00e1neo a tu descuento.<\/p><\/div>\n\t\t\t\t<\/div>\n\t\t\t\t<\/div>\n\t\t\t\t<div class=\"elementor-element elementor-element-799cc5a elementor-button-align-stretch elementor-widget elementor-widget-form\" data-id=\"799cc5a\" data-element_type=\"widget\" data-settings=\"{&quot;step_next_label&quot;:&quot;Siguiente&quot;,&quot;step_previous_label&quot;:&quot;Anterior&quot;,&quot;button_width&quot;:&quot;100&quot;,&quot;step_type&quot;:&quot;number_text&quot;,&quot;step_icon_shape&quot;:&quot;circle&quot;}\" data-widget_type=\"form.default\">\n\t\t\t\t<div class=\"elementor-widget-container\">\n\t\t\t\t\t<form class=\"elementor-form\" method=\"post\" name=\"New Form\">\n\t\t\t<input type=\"hidden\" name=\"post_id\" value=\"197\"\/>\n\t\t\t<input type=\"hidden\" name=\"form_id\" value=\"799cc5a\"\/>\n\n\t\t\t\n\t\t\t<div class=\"elementor-form-fields-wrapper elementor-labels-\">\n\t\t\t\t\t\t\t\t<div class=\"elementor-field-type-text elementor-field-group elementor-column elementor-field-group-name elementor-col-100\">\n\t\t\t\t\t<label for=\"form-field-name\" class=\"elementor-field-label elementor-screen-only\">Nombre<\/label><input size=\"1\" type=\"text\" name=\"form_fields[name]\" id=\"form-field-name\" class=\"elementor-field elementor-size-lg  elementor-field-textual\" placeholder=\"Nombre\">\t\t\t\t<\/div>\n\t\t\t\t\t\t\t\t<div class=\"elementor-field-type-email elementor-field-group elementor-column elementor-field-group-email elementor-col-100 elementor-field-required\">\n\t\t\t\t\t<label for=\"form-field-email\" class=\"elementor-field-label elementor-screen-only\">Correo<\/label><input size=\"1\" type=\"email\" name=\"form_fields[email]\" id=\"form-field-email\" class=\"elementor-field elementor-size-lg  elementor-field-textual\" placeholder=\"Correo\" required=\"required\" aria-required=\"true\">\t\t\t\t<\/div>\n\t\t\t\t\t\t\t\t<div class=\"elementor-field-type-tel elementor-field-group elementor-column elementor-field-group-field_00e9571 elementor-col-100 elementor-field-required\">\n\t\t\t\t\t<label for=\"form-field-field_00e9571\" class=\"elementor-field-label elementor-screen-only\">Celular<\/label><input size=\"1\" type=\"tel\" name=\"form_fields[field_00e9571]\" id=\"form-field-field_00e9571\" class=\"elementor-field elementor-size-lg  elementor-field-textual\" placeholder=\"Celular\" required=\"required\" aria-required=\"true\" pattern=\"[0-9()#&amp;+*-=.]+\" title=\"Only numbers and phone characters (#, -, *, etc) are accepted.\">\t\t\t\t<\/div>\n\t\t\t\t\t\t\t\t<div class=\"elementor-field-group elementor-column elementor-field-type-submit elementor-col-100 e-form__buttons\">\n\t\t\t\t\t<button type=\"submit\" class=\"elementor-button elementor-size-sm\">\n\t\t\t\t\t\t<span >\n\t\t\t\t\t\t\t\t\t\t\t\t\t\t\t<span class=\"elementor-align-icon-left elementor-button-icon\">\n\t\t\t\t\t\t\t\t\t<i aria-hidden=\"true\" class=\"fas fa-paper-plane\"><\/i>\t\t\t\t\t\t\t\t\t\t\t\t\t\t\t\t\t<\/span>\n\t\t\t\t\t\t\t\t\t\t\t\t\t\t\t\t\t\t\t\t\t\t<span class=\"elementor-button-text\">ENVIAR<\/span>\n\t\t\t\t\t\t\t\t\t\t\t\t\t<\/span>\n\t\t\t\t\t<\/button>\n\t\t\t\t<\/div>\n\t\t\t<\/div>\n\t\t<\/form>\n\t\t\t\t<\/div>\n\t\t\t\t<\/div>\n\t\t\t\t\t\t<\/div>\n\t\t\t\t\t<\/div>\n\t\t<\/div>\n\t\t\t\t\t\t\t\t<\/div>\n\t\t\t\t\t<\/div>\n\t\t<\/section>\n\t\t\t\t\t\t<\/div>\n\t\t\t\t\t\t<\/div>\n\t\t\t\t\t<\/div>\n\t\t","protected":false},"excerpt":{"rendered":"<p>CURSO OPUS 20 PARA LA CONSTRUCCI\u00d3N Reclama tu descuento Llena el formulario abajo y obt\u00e9n acceso instant\u00e1neo a tu descuento.<\/p>\n","protected":false},"author":1,"featured_media":0,"parent":0,"menu_order":0,"comment_status":"closed","ping_status":"closed","template":"elementor_canvas","meta":{"spay_email":""},"yoast_head":"<!-- This site is optimized with the Yoast SEO plugin v15.3 - https:\/\/yoast.com\/wordpress\/plugins\/seo\/ -->\n<title>Opus Leads Forma - CMIC<\/title>\n<meta name=\"robots\" content=\"index, follow, max-snippet:-1, max-image-preview:large, max-video-preview:-1\" \/>\n<link rel=\"canonical\" href=\"https:\/\/cmicslp.org.mx\/sitio\/opus-leads-forma\/\" \/>\n<meta property=\"og:locale\" content=\"es_ES\" \/>\n<meta property=\"og:type\" content=\"article\" \/>\n<meta property=\"og:title\" content=\"Opus Leads Forma - CMIC\" \/>\n<meta property=\"og:description\" content=\"CURSO OPUS 20 PARA LA CONSTRUCCI\u00d3N Reclama tu descuento Llena el formulario abajo y obt\u00e9n acceso instant\u00e1neo a tu descuento.\" \/>\n<meta property=\"og:url\" content=\"https:\/\/cmicslp.org.mx\/sitio\/opus-leads-forma\/\" \/>\n<meta property=\"og:site_name\" content=\"CMIC\" \/>\n<meta property=\"article:modified_time\" content=\"2020-11-11T19:34:48+00:00\" \/>\n<meta property=\"og:image\" content=\"https:\/\/cmicslp.org.mx\/sitio\/wp-content\/uploads\/2020\/11\/Logo-CMIC-300x136.png\" \/>\n<meta name=\"twitter:card\" content=\"summary_large_image\" \/>\n<meta name=\"twitter:label1\" content=\"Escrito por\">\n\t<meta name=\"twitter:data1\" content=\"admin\">\n\t<meta name=\"twitter:label2\" content=\"Tiempo de lectura\">\n\t<meta name=\"twitter:data2\" content=\"0 minutos\">\n<script type=\"application\/ld+json\" class=\"yoast-schema-graph\">{\"@context\":\"https:\/\/schema.org\",\"@graph\":[{\"@type\":\"WebSite\",\"@id\":\"https:\/\/cmicslp.org.mx\/sitio\/#website\",\"url\":\"https:\/\/cmicslp.org.mx\/sitio\/\",\"name\":\"CMIC\",\"description\":\"Delegaci\\u00f3n San Luis Potos\\u00ed\",\"potentialAction\":[{\"@type\":\"SearchAction\",\"target\":\"https:\/\/cmicslp.org.mx\/sitio\/?s={search_term_string}\",\"query-input\":\"required name=search_term_string\"}],\"inLanguage\":\"es\"},{\"@type\":\"ImageObject\",\"@id\":\"https:\/\/cmicslp.org.mx\/sitio\/opus-leads-forma\/#primaryimage\",\"inLanguage\":\"es\",\"url\":\"https:\/\/cmicslp.org.mx\/sitio\/wp-content\/uploads\/2020\/11\/Logo-CMIC.png\",\"width\":3300,\"height\":1492},{\"@type\":\"WebPage\",\"@id\":\"https:\/\/cmicslp.org.mx\/sitio\/opus-leads-forma\/#webpage\",\"url\":\"https:\/\/cmicslp.org.mx\/sitio\/opus-leads-forma\/\",\"name\":\"Opus Leads Forma - CMIC\",\"isPartOf\":{\"@id\":\"https:\/\/cmicslp.org.mx\/sitio\/#website\"},\"primaryImageOfPage\":{\"@id\":\"https:\/\/cmicslp.org.mx\/sitio\/opus-leads-forma\/#primaryimage\"},\"datePublished\":\"2020-11-11T18:28:06+00:00\",\"dateModified\":\"2020-11-11T19:34:48+00:00\",\"inLanguage\":\"es\",\"potentialAction\":[{\"@type\":\"ReadAction\",\"target\":[\"https:\/\/cmicslp.org.mx\/sitio\/opus-leads-forma\/\"]}]}]}<\/script>\n<!-- \/ Yoast SEO plugin. -->","_links":{"self":[{"href":"https:\/\/cmicslp.org.mx\/sitio\/wp-json\/wp\/v2\/pages\/197"}],"collection":[{"href":"https:\/\/cmicslp.org.mx\/sitio\/wp-json\/wp\/v2\/pages"}],"about":[{"href":"https:\/\/cmicslp.org.mx\/sitio\/wp-json\/wp\/v2\/types\/page"}],"author":[{"embeddable":true,"href":"https:\/\/cmicslp.org.mx\/sitio\/wp-json\/wp\/v2\/users\/1"}],"replies":[{"embeddable":true,"href":"https:\/\/cmicslp.org.mx\/sitio\/wp-json\/wp\/v2\/comments?post=197"}],"version-history":[{"count":46,"href":"https:\/\/cmicslp.org.mx\/sitio\/wp-json\/wp\/v2\/pages\/197\/revisions"}],"predecessor-version":[{"id":258,"href":"https:\/\/cmicslp.org.mx\/sitio\/wp-json\/wp\/v2\/pages\/197\/revisions\/258"}],"wp:attachment":[{"href":"https:\/\/cmicslp.org.mx\/sitio\/wp-json\/wp\/v2\/media?parent=197"}],"curies":[{"name":"wp","href":"https:\/\/api.w.org\/{rel}","templated":true}]}}